{"id":310,"date":"2019-02-18T23:37:17","date_gmt":"2019-02-19T05:37:17","guid":{"rendered":"https:\/\/cachac.org.mx\/cachac\/?page_id=310"},"modified":"2019-03-02T11:19:43","modified_gmt":"2019-03-02T17:19:43","slug":"dictaminadores-de-riesgo","status":"publish","type":"page","link":"https:\/\/cachac.org.mx\/cachac\/dictaminadores-de-riesgo\/","title":{"rendered":"Dictaminadores de Riesgo"},"content":{"rendered":"\n<p><strong>1. Anabel Garc\u00eda Renaudt\u00a0\u00a0 <\/strong><\/p>\n\n\n\n<p><strong>2. Arlene Patricia Roblero Aguilar <\/strong><\/p>\n\n\n\n<p><strong>3. Benedicto Enrique Lim\u00f3n Gonz\u00e1lez <\/strong><\/p>\n\n\n\n<p><strong>4. Bersa\u00edn Guti\u00e9rrez Vel\u00e1zquez <\/strong><\/p>\n\n\n\n<p><strong>5. Carmen Gordillo Ruiz <\/strong><\/p>\n\n\n\n<p><strong>6. David Alberto Zamora Rinc\u00f3n<\/strong><\/p>\n\n\n\n<p><strong>7. Gerardo Merced Gonz\u00e1lez V\u00e1zquez<\/strong><\/p>\n\n\n\n<p><strong>8. Gilberto Alfonso Trejo Espinoza<\/strong><\/p>\n\n\n\n<p><strong>9. Humberto Couti\u00f1o Nazar<\/strong><\/p>\n\n\n\n<p><strong>10. Jorge Vel\u00e1zquez Sakaguchi<\/strong><\/p>\n\n\n\n<p><strong>11.Lester Fabi\u00e1n Clemente Jim\u00e9nez<\/strong><\/p>\n\n\n\n<p><strong>12.Lorena de Jes\u00fas Farf\u00e1n Flores<\/strong><\/p>\n\n\n\n<p><strong>13.Manuel de Jes\u00fas P\u00e9rez G\u00f3mez<\/strong><\/p>\n\n\n\n<p><strong>14.Marcos Santiago Mart\u00ednez<\/strong><\/p>\n\n\n\n<p><strong>15.M\u00f3nica Adelina Vudoyra Cruz<\/strong><\/p>\n\n\n\n<p><strong>16.Neptal\u00ed Nuriul\u00fa V\u00e1zquez<\/strong><\/p>\n\n\n\n<p><strong>17.Omar Caballero Morales <\/strong><\/p>\n\n\n\n<p><strong>18.Roberto Radames Rom\u00e1n<\/strong><\/p>\n\n\n\n<p><strong>19.Roque Armando Guill\u00e9n Albores<\/strong><\/p>\n\n\n\n<p><strong>20.Zenaido A. Molina Hern\u00e1ndez <\/strong><\/p>\n\n\n\n<p><strong>21.- Carlos Montesinos<\/strong><\/p>\n","protected":false},"excerpt":{"rendered":"<div class='heateorSssClear'><\/div><div  class='heateor_sss_sharing_container heateor_sss_horizontal_sharing' data-heateor-sss-href='https:\/\/cachac.org.mx\/cachac\/dictaminadores-de-riesgo\/'><div class='heateor_sss_sharing_title' style=\"font-weight:bold\" ><\/div><div class=\"heateor_sss_sharing_ul\"><a aria-label=\"Facebook\" class=\"heateor_sss_facebook\" href=\"https:\/\/www.facebook.com\/sharer\/sharer.php?u=https%3A%2F%2Fcachac.org.mx%2Fcachac%2F%3Fp%3D310\" title=\"Facebook\" rel=\"nofollow noopener\" target=\"_blank\" style=\"font-size:32px!important;box-shadow:none;display:inline-block;vertical-align:middle\"><span class=\"heateor_sss_square_count heateor_sss_facebook_count\">&nbsp;<\/span><span class=\"heateor_sss_svg\" style=\"background-color:#0765FE;width:35px;height:35px;border-radius:999px;display:inline-block;opacity:1;float:left;font-size:32px;box-shadow:none;display:inline-block;font-size:16px;padding:0 4px;vertical-align:middle;background-repeat:repeat;overflow:hidden;padding:0;cursor:pointer;box-sizing:content-box\"><svg style=\"display:block;border-radius:999px;\" focusable=\"false\" aria-hidden=\"true\" xmlns=\"http:\/\/www.w3.org\/2000\/svg\" width=\"100%\" height=\"100%\" viewBox=\"0 0 32 32\"><path fill=\"#fff\" d=\"M28 16c0-6.627-5.373-12-12-12S4 9.373 4 16c0 5.628 3.875 10.35 9.101 11.647v-7.98h-2.474V16H13.1v-1.58c0-4.085 1.849-5.978 5.859-5.978.76 0 2.072.15 2.608.298v3.325c-.283-.03-.775-.045-1.386-.045-1.967 0-2.728.745-2.728 2.683V16h3.92l-.673 3.667h-3.247v8.245C23.395 27.195 28 22.135 28 16Z\"><\/path><\/svg><\/span><\/a><a aria-label=\"Twitter\" class=\"heateor_sss_button_twitter\" href=\"http:\/\/twitter.com\/intent\/tweet?via=SoyCACHAC&text=Dictaminadores%20de%20Riesgo&url=https%3A%2F%2Fcachac.org.mx%2Fcachac%2F%3Fp%3D310\" title=\"Twitter\" rel=\"nofollow noopener\" target=\"_blank\" style=\"font-size:32px!important;box-shadow:none;display:inline-block;vertical-align:middle\"><span class=\"heateor_sss_square_count heateor_sss_twitter_count\">&nbsp;<\/span><span class=\"heateor_sss_svg heateor_sss_s__default heateor_sss_s_twitter\" style=\"background-color:#55acee;width:35px;height:35px;border-radius:999px;display:inline-block;opacity:1;float:left;font-size:32px;box-shadow:none;display:inline-block;font-size:16px;padding:0 4px;vertical-align:middle;background-repeat:repeat;overflow:hidden;padding:0;cursor:pointer;box-sizing:content-box\"><svg style=\"display:block;border-radius:999px;\" focusable=\"false\" aria-hidden=\"true\" xmlns=\"http:\/\/www.w3.org\/2000\/svg\" width=\"100%\" height=\"100%\" viewBox=\"-4 -4 39 39\"><path d=\"M28 8.557a9.913 9.913 0 0 1-2.828.775 4.93 4.93 0 0 0 2.166-2.725 9.738 9.738 0 0 1-3.13 1.194 4.92 4.92 0 0 0-3.593-1.55 4.924 4.924 0 0 0-4.794 6.049c-4.09-.21-7.72-2.17-10.15-5.15a4.942 4.942 0 0 0-.665 2.477c0 1.71.87 3.214 2.19 4.1a4.968 4.968 0 0 1-2.23-.616v.06c0 2.39 1.7 4.38 3.952 4.83-.414.115-.85.174-1.297.174-.318 0-.626-.03-.928-.086a4.935 4.935 0 0 0 4.6 3.42 9.893 9.893 0 0 1-6.114 2.107c-.398 0-.79-.023-1.175-.068a13.953 13.953 0 0 0 7.55 2.213c9.056 0 14.01-7.507 14.01-14.013 0-.213-.005-.426-.015-.637.96-.695 1.795-1.56 2.455-2.55z\" fill=\"#fff\"><\/path><\/svg><\/span><\/a><a aria-label=\"Linkedin\" class=\"heateor_sss_button_linkedin\" href=\"https:\/\/www.linkedin.com\/sharing\/share-offsite\/?url=https%3A%2F%2Fcachac.org.mx%2Fcachac%2F%3Fp%3D310\" title=\"Linkedin\" rel=\"nofollow noopener\" target=\"_blank\" style=\"font-size:32px!important;box-shadow:none;display:inline-block;vertical-align:middle\"><span class=\"heateor_sss_square_count heateor_sss_linkedin_count\">&nbsp;<\/span><span class=\"heateor_sss_svg heateor_sss_s__default heateor_sss_s_linkedin\" style=\"background-color:#0077b5;width:35px;height:35px;border-radius:999px;display:inline-block;opacity:1;float:left;font-size:32px;box-shadow:none;display:inline-block;font-size:16px;padding:0 4px;vertical-align:middle;background-repeat:repeat;overflow:hidden;padding:0;cursor:pointer;box-sizing:content-box\"><svg style=\"display:block;border-radius:999px;\" focusable=\"false\" aria-hidden=\"true\" xmlns=\"http:\/\/www.w3.org\/2000\/svg\" width=\"100%\" height=\"100%\" viewBox=\"0 0 32 32\"><path d=\"M6.227 12.61h4.19v13.48h-4.19V12.61zm2.095-6.7a2.43 2.43 0 0 1 0 4.86c-1.344 0-2.428-1.09-2.428-2.43s1.084-2.43 2.428-2.43m4.72 6.7h4.02v1.84h.058c.56-1.058 1.927-2.176 3.965-2.176 4.238 0 5.02 2.792 5.02 6.42v7.395h-4.183v-6.56c0-1.564-.03-3.574-2.178-3.574-2.18 0-2.514 1.7-2.514 3.46v6.668h-4.187V12.61z\" fill=\"#fff\"><\/path><\/svg><\/span><\/a><a aria-label=\"Whatsapp\" class=\"heateor_sss_whatsapp\" href=\"https:\/\/api.whatsapp.com\/send?text=Dictaminadores%20de%20Riesgo%20https%3A%2F%2Fcachac.org.mx%2Fcachac%2F%3Fp%3D310\" title=\"Whatsapp\" rel=\"nofollow noopener\" target=\"_blank\" style=\"font-size:32px!important;box-shadow:none;display:inline-block;vertical-align:middle\"><span class=\"heateor_sss_square_count heateor_sss_whatsapp_count\">&nbsp;<\/span><span class=\"heateor_sss_svg\" style=\"background-color:#55eb4c;width:35px;height:35px;border-radius:999px;display:inline-block;opacity:1;float:left;font-size:32px;box-shadow:none;display:inline-block;font-size:16px;padding:0 4px;vertical-align:middle;background-repeat:repeat;overflow:hidden;padding:0;cursor:pointer;box-sizing:content-box\"><svg style=\"display:block;border-radius:999px;\" focusable=\"false\" aria-hidden=\"true\" xmlns=\"http:\/\/www.w3.org\/2000\/svg\" width=\"100%\" height=\"100%\" viewBox=\"-6 -5 40 40\"><path class=\"heateor_sss_svg_stroke heateor_sss_no_fill\" stroke=\"#fff\" stroke-width=\"2\" fill=\"none\" d=\"M 11.579798566743314 24.396926207859085 A 10 10 0 1 0 6.808479557110079 20.73576436351046\"><\/path><path d=\"M 7 19 l -1 6 l 6 -1\" class=\"heateor_sss_no_fill heateor_sss_svg_stroke\" stroke=\"#fff\" stroke-width=\"2\" fill=\"none\"><\/path><path d=\"M 10 10 q -1 8 8 11 c 5 -1 0 -6 -1 -3 q -4 -3 -5 -5 c 4 -2 -1 -5 -1 -4\" fill=\"#fff\"><\/path><\/svg><\/span><\/a><a style=\"font-size:32px!important;box-shadow: none;display: inline-block!important;font-size: 16px;padding: 0 4px;vertical-align: middle;display:inline;\" class=\"heateorSssSharingRound\"><span class=\"heateor_sss_square_count\">&nbsp;<\/span><div style=\"width:35px;height:35px;border-radius:999px;margin-left:9px !important;\" title=\"Compartidos totales\" class=\"heateorSssSharing heateorSssTCBackground\"><\/div><\/a><\/div><div class=\"heateorSssClear\"><\/div><\/div><div class='heateorSssClear'><\/div><p>1. Anabel Garc\u00eda Renaudt\u00a0\u00a0 2. Arlene Patricia Roblero Aguilar 3. Benedicto Enrique Lim\u00f3n Gonz\u00e1lez 4. Bersa\u00edn Guti\u00e9rrez Vel\u00e1zquez 5. Carmen Gordillo Ruiz 6. David Alberto Zamora Rinc\u00f3n 7. Gerardo Merced Gonz\u00e1lez V\u00e1zquez 8. Gilberto Alfonso Trejo Espinoza 9. Humberto Couti\u00f1o Nazar 10. Jorge Vel\u00e1zquez Sakaguchi 11.Lester Fabi\u00e1n Clemente Jim\u00e9nez 12.Lorena de Jes\u00fas Farf\u00e1n Flores 13.Manuel [&hellip;]<\/p>\n","protected":false},"author":1,"featured_media":0,"parent":0,"menu_order":8,"comment_status":"closed","ping_status":"closed","template":"","meta":{"footnotes":""},"class_list":["post-310","page","type-page","status-publish","hentry"],"_links":{"self":[{"href":"https:\/\/cachac.org.mx\/cachac\/wp-json\/wp\/v2\/pages\/310","targetHints":{"allow":["GET"]}}],"collection":[{"href":"https:\/\/cachac.org.mx\/cachac\/wp-json\/wp\/v2\/pages"}],"about":[{"href":"https:\/\/cachac.org.mx\/cachac\/wp-json\/wp\/v2\/types\/page"}],"author":[{"embeddable":true,"href":"https:\/\/cachac.org.mx\/cachac\/wp-json\/wp\/v2\/users\/1"}],"replies":[{"embeddable":true,"href":"https:\/\/cachac.org.mx\/cachac\/wp-json\/wp\/v2\/comments?post=310"}],"version-history":[{"count":2,"href":"https:\/\/cachac.org.mx\/cachac\/wp-json\/wp\/v2\/pages\/310\/revisions"}],"predecessor-version":[{"id":388,"href":"https:\/\/cachac.org.mx\/cachac\/wp-json\/wp\/v2\/pages\/310\/revisions\/388"}],"wp:attachment":[{"href":"https:\/\/cachac.org.mx\/cachac\/wp-json\/wp\/v2\/media?parent=310"}],"curies":[{"name":"wp","href":"https:\/\/api.w.org\/{rel}","templated":true}]}}